{"id":15912,"date":"2025-02-12T14:42:28","date_gmt":"2025-02-12T13:42:28","guid":{"rendered":"https:\/\/www.emqbikes.com\/evenementen\/"},"modified":"2026-03-17T11:39:29","modified_gmt":"2026-03-17T10:39:29","slug":"messenevents","status":"publish","type":"page","link":"https:\/\/www.emqbikes.com\/de\/messenevents\/","title":{"rendered":"EMQ\u00ae AUF MESSEN &#038; EVENTS 2026"},"content":{"rendered":"[vc_row type=&#8220;full_width_background&#8220; full_screen_row_position=&#8220;middle&#8220; column_margin=&#8220;default&#8220; equal_height=&#8220;yes&#8220; column_direction=&#8220;default&#8220; column_direction_tablet=&#8220;default&#8220; column_direction_phone=&#8220;default&#8220; bg_image=&#8220;15280&#8243; bg_image_type=&#8220;default&#8220; bg_position=&#8220;center center&#8220; background_image_loading=&#8220;default&#8220; bg_repeat=&#8220;no-repeat&#8220; full_height=&#8220;yes&#8220; scene_position=&#8220;center&#8220; text_color=&#8220;light&#8220; text_align=&#8220;left&#8220; row_border_radius=&#8220;none&#8220; row_border_radius_applies=&#8220;bg&#8220; row_position_desktop=&#8220;default&#8220; row_position_tablet=&#8220;inherit&#8220; row_position_phone=&#8220;inherit&#8220; overflow=&#8220;visible&#8220; enable_gradient=&#8220;true&#8220; color_overlay=&#8220;#141414&#8243; overlay_strength=&#8220;0.8&#8243; gradient_direction=&#8220;left_to_right&#8220; shape_divider_position=&#8220;bottom&#8220; bg_image_animation=&#8220;none&#8220; gradient_type=&#8220;default&#8220; shape_type=&#8220;&#8220;][vc_column column_padding=&#8220;no-extra-padding&#8220; column_padding_tablet=&#8220;inherit&#8220; column_padding_phone=&#8220;inherit&#8220; column_padding_position=&#8220;all&#8220; flex_gap_desktop=&#8220;10px&#8220; column_element_direction_desktop=&#8220;default&#8220; column_element_spacing=&#8220;default&#8220; desktop_text_alignment=&#8220;default&#8220; tablet_text_alignment=&#8220;default&#8220; phone_text_alignment=&#8220;default&#8220; background_color_opacity=&#8220;1&#8243; background_hover_color_opacity=&#8220;1&#8243; column_backdrop_filter=&#8220;none&#8220; column_shadow=&#8220;none&#8220; column_border_radius=&#8220;none&#8220; column_link_target=&#8220;_self&#8220; column_position=&#8220;default&#8220; gradient_direction=&#8220;left_to_right&#8220; overlay_strength=&#8220;0.3&#8243; width=&#8220;1\/1&#8243; tablet_width_inherit=&#8220;default&#8220; animation_type=&#8220;default&#8220; bg_image_animation=&#8220;none&#8220; border_type=&#8220;simple&#8220; column_border_width=&#8220;none&#8220; column_border_style=&#8220;solid&#8220;][vc_custom_heading text=&#8220;EMQ\u00ae AUF MESSEN &amp; EVENTS 2026&#8243; font_container=&#8220;tag:h1|text_align:left&#8220; use_theme_fonts=&#8220;yes&#8220;][vc_custom_heading text=&#8220;Messekalender&#8220; font_container=&#8220;tag:h2|font_size:24|text_align:left|color:%23ffffff&#8220; use_theme_fonts=&#8220;yes&#8220;][\/vc_column][\/vc_row][vc_row type=&#8220;in_container&#8220; full_screen_row_position=&#8220;middle&#8220; column_margin=&#8220;default&#8220; column_direction=&#8220;default&#8220; column_direction_tablet=&#8220;default&#8220; column_direction_phone=&#8220;default&#8220; scene_position=&#8220;center&#8220; text_color=&#8220;dark&#8220; text_align=&#8220;left&#8220; row_border_radius=&#8220;none&#8220; row_border_radius_applies=&#8220;bg&#8220; row_position_desktop=&#8220;default&#8220; row_position_tablet=&#8220;inherit&#8220; row_position_phone=&#8220;inherit&#8220; overflow=&#8220;visible&#8220; overlay_strength=&#8220;0.3&#8243; gradient_direction=&#8220;left_to_right&#8220; shape_divider_position=&#8220;bottom&#8220; bg_image_animation=&#8220;none&#8220;][vc_column column_padding=&#8220;no-extra-padding&#8220; column_padding_tablet=&#8220;inherit&#8220; column_padding_phone=&#8220;inherit&#8220; column_padding_position=&#8220;all&#8220; flex_gap_desktop=&#8220;10px&#8220; column_element_direction_desktop=&#8220;default&#8220; column_element_spacing=&#8220;default&#8220; desktop_text_alignment=&#8220;default&#8220; tablet_text_alignment=&#8220;default&#8220; phone_text_alignment=&#8220;default&#8220; background_color_opacity=&#8220;1&#8243; background_hover_color_opacity=&#8220;1&#8243; column_backdrop_filter=&#8220;none&#8220; column_shadow=&#8220;none&#8220; column_border_radius=&#8220;none&#8220; column_link_target=&#8220;_self&#8220; column_position=&#8220;default&#8220; gradient_direction=&#8220;left_to_right&#8220; overlay_strength=&#8220;0.3&#8243; width=&#8220;1\/1&#8243; tablet_width_inherit=&#8220;default&#8220; animation_type=&#8220;default&#8220; bg_image_animation=&#8220;none&#8220; border_type=&#8220;simple&#8220; column_border_width=&#8220;none&#8220; column_border_style=&#8220;solid&#8220;][divider line_type=&#8220;No Line&#8220; custom_height=&#8220;50&#8243;][vc_custom_heading text=&#8220;Entdecken Sie EMQ\u00ae auf den folgenden Messen und Veranstaltungen im Jahr 2026&#8243; font_container=&#8220;tag:h2|text_align:left|color:%2318a09c&#8220; use_theme_fonts=&#8220;yes&#8220;][divider line_type=&#8220;No Line&#8220; custom_height=&#8220;30&#8243;][vc_column_text css=&#8220;&#8220; text_direction=&#8220;default&#8220;]\n<table style=\"height: 319px;\" width=\"841\">\n<tbody>\n<tr>\n<td width=\"126\"><strong>Land<\/strong><\/td>\n<td width=\"216\"><strong>Messe<\/strong><\/td>\n<td width=\"97\"><strong>Standort<\/strong><\/td>\n<td width=\"97\"><strong>Von<\/strong><\/td>\n<td width=\"127\"><strong>Ende<\/strong><\/td>\n<\/tr>\n<tr>\n<td>Niederlande<\/td>\n<td>Caravana<\/td>\n<td>Leeuwarden<\/td>\n<td>28.01.2026<\/td>\n<td>01.02.2026<\/td>\n<\/tr>\n<tr>\n<td>Deutschland<\/td>\n<td>Fahrrad Essen<\/td>\n<td>Essen<\/td>\n<td>26.02.2026<\/td>\n<td>01.03.2026<\/td>\n<\/tr>\n<tr>\n<td>Belgien<\/td>\n<td>Fietsexpo en Motorhomesalon<\/td>\n<td>Antwerpen<\/td>\n<td>28.02.2026<\/td>\n<td>01.03.2026<\/td>\n<\/tr>\n<tr>\n<td>Niederlande<\/td>\n<td>CamperExpo<\/td>\n<td>Houten<\/td>\n<td>13.03.2026<\/td>\n<td>15.03.2026<\/td>\n<\/tr>\n<tr>\n<td>Deutschland<\/td>\n<td>Cycling World<\/td>\n<td>D\u00fcsseldorf<\/td>\n<td>20.03.2026<\/td>\n<td>22.03.2026<\/td>\n<\/tr>\n<tr>\n<td>Deutschland<\/td>\n<td>VELO Berlin<\/td>\n<td>Berlin<\/td>\n<td>11-04-2026<\/td>\n<td>12-04-2026<\/td>\n<\/tr>\n<tr>\n<td>Niederlande<\/td>\n<td>Kampeer &amp; Caravan Jaarbeurs<\/td>\n<td>Utrecht<\/td>\n<td>30.09.2026<\/td>\n<td>04.10.2026<\/td>\n<\/tr>\n<tr>\n<td>Belgien<\/td>\n<td>Motorhome Salon<\/td>\n<td>Gent<\/td>\n<td>17.10.2026<\/td>\n<td>18.10.2026<\/td>\n<\/tr>\n<\/tbody>\n<\/table>\n<p>Im Jahr 2026 werden wir auf den wichtigsten Fahrrad-, Wohnmobil- und Caravan-Messen vertreten sein, um Ihnen das <strong>EMQ\u00ae Faltrad<\/strong>\u00a0vorzustellen\u00a0<strong>\u2013 das leichteste elektrische Faltrad der Niederlande!<\/strong> Erleben Sie selbst, wie Fahrkomfort, leichtes Tragen, schnelles Falten und Entfalten sowie die kompakten Abmessungen in diesem einzigartigen E-Bike zusammenkommen. Ob Sie nun Stadtbewohner, Pendler, Rentner, Camper oder Wassersportler sind, das <strong>EMQ-Faltrad<\/strong> bietet Ihnen maximale Mobilit\u00e4t.<\/p>\n<p>\ud83d\udd25\u00a0<strong>Kommen Sie vorbei und testen Sie das EMQ-Faltrad selbst!<\/strong><br \/>\nBesuchen Sie unseren Stand und erleben Sie das leichteste elektrische Faltrad der Niederlande in Aktion. Unsere Experten beantworten alle Ihre Fragen und zeigen Ihnen, warum das\u00a0<strong>EMQ-Faltrad<\/strong> das Must-have des Jahres 2026 ist.<\/p>\n<p>\ud83e\udd1d\u00a0<strong>Sind Sie H\u00e4ndler?<\/strong><br \/>\nM\u00f6chten Sie das\u00a0<strong>EMQ-Faltrad<\/strong> auf Ihrer eigenen Veranstaltung bewerben oder ben\u00f6tigen Sie Unterst\u00fctzung bei einer Messe? Nehmen Sie Kontakt mit uns auf! Wir unterst\u00fctzen Sie gerne mit Beratung, Werbematerial und pers\u00f6nlichem Support, um Ihre Veranstaltung gemeinsam zu einem Erfolg zu machen.<\/p>\n<p>\ud83d\udccd <strong>Wo finden Sie uns?<\/strong><br \/>\nSehen Sie sich die Liste der Messen und Veranstaltungen an, auf denen wir 2026 vertreten sind, und planen Sie Ihren Besuch![\/vc_column_text][vc_column_text text_direction=&#8220;default&#8220;]\ud83d\udce9 <strong>M\u00f6chten Sie mehr erfahren? <a href=\"https:\/\/www.emqbikes.com\/de\/kontakt\/\">Kontaktieren<\/a> Sie uns f\u00fcr einen Termin oder weitere Informationen.<\/strong><\/p>\n<p>Wir freuen uns darauf, Sie kennenzulernen! \ud83d\udeb2\u26a1[\/vc_column_text][\/vc_column][\/vc_row]\n<script language='javascript' type='text\/javascript'>function getWR360PopupSkin(){return 'light_clean';}<\/script>","protected":false},"excerpt":{"rendered":"<p>[vc_row type=&#8220;full_width_background&#8220; full_screen_row_position=&#8220;middle&#8220; column_margin=&#8220;default&#8220; equal_height=&#8220;yes&#8220; column_direction=&#8220;default&#8220; column_direction_tablet=&#8220;default&#8220; column_direction_phone=&#8220;default&#8220; bg_image=&#8220;15280&#8243; bg_image_type=&#8220;default&#8220; bg_position=&#8220;center center&#8220; background_image_loading=&#8220;default&#8220; bg_repeat=&#8220;no-repeat&#8220; full_height=&#8220;yes&#8220; scene_position=&#8220;center&#8220; text_color=&#8220;light&#8220; text_align=&#8220;left&#8220; row_border_radius=&#8220;none&#8220; row_border_radius_applies=&#8220;bg&#8220; row_position_desktop=&#8220;default&#8220; row_position_tablet=&#8220;inherit&#8220; row_position_phone=&#8220;inherit&#8220; overflow=&#8220;visible&#8220; enable_gradient=&#8220;true&#8220; color_overlay=&#8220;#141414&#8243; overlay_strength=&#8220;0.8&#8243; gradient_direction=&#8220;left_to_right&#8220; shape_divider_position=&#8220;bottom&#8220; bg_image_animation=&#8220;none&#8220;&#8230;<\/p>\n","protected":false},"author":3,"featured_media":0,"parent":0,"menu_order":0,"comment_status":"closed","ping_status":"closed","template":"","meta":{"footnotes":""},"class_list":["post-15912","page","type-page","status-publish"],"yoast_head":"<!-- This site is optimized with the Yoast SEO plugin v27.4 - https:\/\/yoast.com\/product\/yoast-seo-wordpress\/ -->\n<title>EMQ AUF MESSEN &amp; EVENTS 2026<\/title>\n<meta name=\"description\" content=\"Erleben Sie das EMQ Faltrad live auf Messen 2026 \u2013 testen, beraten lassen und maximale Mobilit\u00e4t entdecken.\" \/>\n<meta name=\"robots\" content=\"index, follow, max-snippet:-1, max-image-preview:large, max-video-preview:-1\" \/>\n<link rel=\"canonical\" href=\"https:\/\/www.emqbikes.com\/de\/messenevents\/\" \/>\n<meta property=\"og:locale\" content=\"de_DE\" \/>\n<meta property=\"og:type\" content=\"article\" \/>\n<meta property=\"og:title\" content=\"EMQ AUF MESSEN &amp; EVENTS 2026\" \/>\n<meta property=\"og:description\" content=\"Erleben Sie das EMQ Faltrad live auf Messen 2026 \u2013 testen, beraten lassen und maximale Mobilit\u00e4t entdecken.\" \/>\n<meta property=\"og:url\" content=\"https:\/\/www.emqbikes.com\/de\/messenevents\/\" \/>\n<meta property=\"og:site_name\" content=\"EMQ\" \/>\n<meta property=\"article:modified_time\" content=\"2026-03-17T10:39:29+00:00\" \/>\n<meta property=\"og:image\" content=\"https:\/\/www.emqbikes.com\/wp-content\/uploads\/2025\/05\/slide-2@2x.webp\" \/>\n\t<meta property=\"og:image:width\" content=\"1800\" \/>\n\t<meta property=\"og:image:height\" content=\"1000\" \/>\n\t<meta property=\"og:image:type\" content=\"image\/webp\" \/>\n<meta name=\"twitter:card\" content=\"summary_large_image\" \/>\n<meta name=\"twitter:label1\" content=\"Gesch\u00e4tzte Lesezeit\" \/>\n\t<meta name=\"twitter:data1\" content=\"2\u00a0Minuten\" \/>\n<script type=\"application\/ld+json\" class=\"yoast-schema-graph\">{\"@context\":\"https:\\\/\\\/schema.org\",\"@graph\":[{\"@type\":\"WebPage\",\"@id\":\"https:\\\/\\\/www.emqbikes.com\\\/de\\\/messenevents\\\/\",\"url\":\"https:\\\/\\\/www.emqbikes.com\\\/de\\\/messenevents\\\/\",\"name\":\"EMQ AUF MESSEN & EVENTS 2026\",\"isPartOf\":{\"@id\":\"https:\\\/\\\/www.emq.nl\\\/#website\"},\"datePublished\":\"2025-02-12T13:42:28+00:00\",\"dateModified\":\"2026-03-17T10:39:29+00:00\",\"description\":\"Erleben Sie das EMQ Faltrad live auf Messen 2026 \u2013 testen, beraten lassen und maximale Mobilit\u00e4t entdecken.\",\"breadcrumb\":{\"@id\":\"https:\\\/\\\/www.emqbikes.com\\\/de\\\/messenevents\\\/#breadcrumb\"},\"inLanguage\":\"de\",\"potentialAction\":[{\"@type\":\"ReadAction\",\"target\":[\"https:\\\/\\\/www.emqbikes.com\\\/de\\\/messenevents\\\/\"]}]},{\"@type\":\"BreadcrumbList\",\"@id\":\"https:\\\/\\\/www.emqbikes.com\\\/de\\\/messenevents\\\/#breadcrumb\",\"itemListElement\":[{\"@type\":\"ListItem\",\"position\":1,\"name\":\"Home\",\"item\":\"https:\\\/\\\/www.emqbikes.com\\\/de\\\/\"},{\"@type\":\"ListItem\",\"position\":2,\"name\":\"EMQ AUF MESSEN &#038; EVENTS 2026\"}]},{\"@type\":\"WebSite\",\"@id\":\"https:\\\/\\\/www.emq.nl\\\/#website\",\"url\":\"https:\\\/\\\/www.emq.nl\\\/\",\"name\":\"EMQ\u00ae\",\"description\":\"\",\"publisher\":{\"@id\":\"https:\\\/\\\/www.emq.nl\\\/#organization\"},\"alternateName\":\"EMQ Bikes\",\"potentialAction\":[{\"@type\":\"SearchAction\",\"target\":{\"@type\":\"EntryPoint\",\"urlTemplate\":\"https:\\\/\\\/www.emq.nl\\\/?s={search_term_string}\"},\"query-input\":{\"@type\":\"PropertyValueSpecification\",\"valueRequired\":true,\"valueName\":\"search_term_string\"}}],\"inLanguage\":\"de\"},{\"@type\":\"Organization\",\"@id\":\"https:\\\/\\\/www.emq.nl\\\/#organization\",\"name\":\"EMQ\",\"url\":\"https:\\\/\\\/www.emq.nl\\\/\",\"logo\":{\"@type\":\"ImageObject\",\"inLanguage\":\"de\",\"@id\":\"https:\\\/\\\/www.emq.nl\\\/#\\\/schema\\\/logo\\\/image\\\/\",\"url\":\"https:\\\/\\\/www.emqbikes.com\\\/wp-content\\\/uploads\\\/2026\\\/01\\\/favicon_small.png\",\"contentUrl\":\"https:\\\/\\\/www.emqbikes.com\\\/wp-content\\\/uploads\\\/2026\\\/01\\\/favicon_small.png\",\"width\":48,\"height\":48,\"caption\":\"EMQ\"},\"image\":{\"@id\":\"https:\\\/\\\/www.emq.nl\\\/#\\\/schema\\\/logo\\\/image\\\/\"}}]}<\/script>\n<!-- \/ Yoast SEO plugin. -->","yoast_head_json":{"title":"EMQ AUF MESSEN & EVENTS 2026","description":"Erleben Sie das EMQ Faltrad live auf Messen 2026 \u2013 testen, beraten lassen und maximale Mobilit\u00e4t entdecken.","robots":{"index":"index","follow":"follow","max-snippet":"max-snippet:-1","max-image-preview":"max-image-preview:large","max-video-preview":"max-video-preview:-1"},"canonical":"https:\/\/www.emqbikes.com\/de\/messenevents\/","og_locale":"de_DE","og_type":"article","og_title":"EMQ AUF MESSEN & EVENTS 2026","og_description":"Erleben Sie das EMQ Faltrad live auf Messen 2026 \u2013 testen, beraten lassen und maximale Mobilit\u00e4t entdecken.","og_url":"https:\/\/www.emqbikes.com\/de\/messenevents\/","og_site_name":"EMQ","article_modified_time":"2026-03-17T10:39:29+00:00","og_image":[{"width":1800,"height":1000,"url":"https:\/\/www.emqbikes.com\/wp-content\/uploads\/2025\/05\/slide-2@2x.webp","type":"image\/webp"}],"twitter_card":"summary_large_image","twitter_misc":{"Gesch\u00e4tzte Lesezeit":"2\u00a0Minuten"},"schema":{"@context":"https:\/\/schema.org","@graph":[{"@type":"WebPage","@id":"https:\/\/www.emqbikes.com\/de\/messenevents\/","url":"https:\/\/www.emqbikes.com\/de\/messenevents\/","name":"EMQ AUF MESSEN & EVENTS 2026","isPartOf":{"@id":"https:\/\/www.emq.nl\/#website"},"datePublished":"2025-02-12T13:42:28+00:00","dateModified":"2026-03-17T10:39:29+00:00","description":"Erleben Sie das EMQ Faltrad live auf Messen 2026 \u2013 testen, beraten lassen und maximale Mobilit\u00e4t entdecken.","breadcrumb":{"@id":"https:\/\/www.emqbikes.com\/de\/messenevents\/#breadcrumb"},"inLanguage":"de","potentialAction":[{"@type":"ReadAction","target":["https:\/\/www.emqbikes.com\/de\/messenevents\/"]}]},{"@type":"BreadcrumbList","@id":"https:\/\/www.emqbikes.com\/de\/messenevents\/#breadcrumb","itemListElement":[{"@type":"ListItem","position":1,"name":"Home","item":"https:\/\/www.emqbikes.com\/de\/"},{"@type":"ListItem","position":2,"name":"EMQ AUF MESSEN &#038; EVENTS 2026"}]},{"@type":"WebSite","@id":"https:\/\/www.emq.nl\/#website","url":"https:\/\/www.emq.nl\/","name":"EMQ\u00ae","description":"","publisher":{"@id":"https:\/\/www.emq.nl\/#organization"},"alternateName":"EMQ Bikes","potentialAction":[{"@type":"SearchAction","target":{"@type":"EntryPoint","urlTemplate":"https:\/\/www.emq.nl\/?s={search_term_string}"},"query-input":{"@type":"PropertyValueSpecification","valueRequired":true,"valueName":"search_term_string"}}],"inLanguage":"de"},{"@type":"Organization","@id":"https:\/\/www.emq.nl\/#organization","name":"EMQ","url":"https:\/\/www.emq.nl\/","logo":{"@type":"ImageObject","inLanguage":"de","@id":"https:\/\/www.emq.nl\/#\/schema\/logo\/image\/","url":"https:\/\/www.emqbikes.com\/wp-content\/uploads\/2026\/01\/favicon_small.png","contentUrl":"https:\/\/www.emqbikes.com\/wp-content\/uploads\/2026\/01\/favicon_small.png","width":48,"height":48,"caption":"EMQ"},"image":{"@id":"https:\/\/www.emq.nl\/#\/schema\/logo\/image\/"}}]}},"_links":{"self":[{"href":"https:\/\/www.emqbikes.com\/de\/wp-json\/wp\/v2\/pages\/15912","targetHints":{"allow":["GET"]}}],"collection":[{"href":"https:\/\/www.emqbikes.com\/de\/wp-json\/wp\/v2\/pages"}],"about":[{"href":"https:\/\/www.emqbikes.com\/de\/wp-json\/wp\/v2\/types\/page"}],"author":[{"embeddable":true,"href":"https:\/\/www.emqbikes.com\/de\/wp-json\/wp\/v2\/users\/3"}],"replies":[{"embeddable":true,"href":"https:\/\/www.emqbikes.com\/de\/wp-json\/wp\/v2\/comments?post=15912"}],"version-history":[{"count":16,"href":"https:\/\/www.emqbikes.com\/de\/wp-json\/wp\/v2\/pages\/15912\/revisions"}],"predecessor-version":[{"id":20248,"href":"https:\/\/www.emqbikes.com\/de\/wp-json\/wp\/v2\/pages\/15912\/revisions\/20248"}],"wp:attachment":[{"href":"https:\/\/www.emqbikes.com\/de\/wp-json\/wp\/v2\/media?parent=15912"}],"curies":[{"name":"wp","href":"https:\/\/api.w.org\/{rel}","templated":true}]}}