{"id":17074,"date":"2025-02-12T14:42:28","date_gmt":"2025-02-12T13:42:28","guid":{"rendered":"https:\/\/www.emqbikes.com\/evenements\/"},"modified":"2026-01-06T14:53:07","modified_gmt":"2026-01-06T13:53:07","slug":"evenements","status":"publish","type":"page","link":"https:\/\/www.emqbikes.com\/fr-be\/evenements\/","title":{"rendered":"Ev\u00e9nements"},"content":{"rendered":"[vc_row type=\u00a0\u00bbfull_width_background\u00a0\u00bb full_screen_row_position=\u00a0\u00bbmiddle\u00a0\u00bb column_margin=\u00a0\u00bbdefault\u00a0\u00bb equal_height=\u00a0\u00bbyes\u00a0\u00bb column_direction=\u00a0\u00bbdefault\u00a0\u00bb column_direction_tablet=\u00a0\u00bbdefault\u00a0\u00bb column_direction_phone=\u00a0\u00bbdefault\u00a0\u00bb bg_image=\u00a0\u00bb15280&Prime; bg_position=\u00a0\u00bbcenter center\u00a0\u00bb background_image_loading=\u00a0\u00bbdefault\u00a0\u00bb bg_repeat=\u00a0\u00bbno-repeat\u00a0\u00bb full_height=\u00a0\u00bbyes\u00a0\u00bb scene_position=\u00a0\u00bbcenter\u00a0\u00bb text_color=\u00a0\u00bblight\u00a0\u00bb text_align=\u00a0\u00bbleft\u00a0\u00bb row_border_radius=\u00a0\u00bbnone\u00a0\u00bb row_border_radius_applies=\u00a0\u00bbbg\u00a0\u00bb overflow=\u00a0\u00bbvisible\u00a0\u00bb enable_gradient=\u00a0\u00bbtrue\u00a0\u00bb color_overlay=\u00a0\u00bb#141414&Prime; overlay_strength=\u00a0\u00bb0.8&Prime; gradient_direction=\u00a0\u00bbleft_to_right\u00a0\u00bb shape_divider_position=\u00a0\u00bbbottom\u00a0\u00bb bg_image_animation=\u00a0\u00bbnone\u00a0\u00bb gradient_type=\u00a0\u00bbdefault\u00a0\u00bb shape_type=\u00a0\u00bb\u00a0\u00bb][vc_column column_padding=\u00a0\u00bbno-extra-padding\u00a0\u00bb column_padding_tablet=\u00a0\u00bbinherit\u00a0\u00bb column_padding_phone=\u00a0\u00bbinherit\u00a0\u00bb column_padding_position=\u00a0\u00bball\u00a0\u00bb column_element_direction_desktop=\u00a0\u00bbdefault\u00a0\u00bb column_element_spacing=\u00a0\u00bbdefault\u00a0\u00bb desktop_text_alignment=\u00a0\u00bbdefault\u00a0\u00bb tablet_text_alignment=\u00a0\u00bbdefault\u00a0\u00bb phone_text_alignment=\u00a0\u00bbdefault\u00a0\u00bb background_color_opacity=\u00a0\u00bb1&Prime; background_hover_color_opacity=\u00a0\u00bb1&Prime; column_backdrop_filter=\u00a0\u00bbnone\u00a0\u00bb column_shadow=\u00a0\u00bbnone\u00a0\u00bb column_border_radius=\u00a0\u00bbnone\u00a0\u00bb column_link_target=\u00a0\u00bb_self\u00a0\u00bb column_position=\u00a0\u00bbdefault\u00a0\u00bb gradient_direction=\u00a0\u00bbleft_to_right\u00a0\u00bb overlay_strength=\u00a0\u00bb0.3&Prime; width=\u00a0\u00bb1\/1&Prime; tablet_width_inherit=\u00a0\u00bbdefault\u00a0\u00bb animation_type=\u00a0\u00bbdefault\u00a0\u00bb bg_image_animation=\u00a0\u00bbnone\u00a0\u00bb border_type=\u00a0\u00bbsimple\u00a0\u00bb column_border_width=\u00a0\u00bbnone\u00a0\u00bb column_border_style=\u00a0\u00bbsolid\u00a0\u00bb][vc_custom_heading text=\u00a0\u00bb\u00c9V\u00c9NEMENTS 2026&Prime; font_container=\u00a0\u00bbtag:h1|text_align:left\u00a0\u00bb use_theme_fonts=\u00a0\u00bbyes\u00a0\u00bb][vc_custom_heading text=\u00a0\u00bbCalendrier des salons\u00a0\u00bb font_container=\u00a0\u00bbtag:h2|font_size:24|text_align:left|color:%23ffffff\u00a0\u00bb use_theme_fonts=\u00a0\u00bbyes\u00a0\u00bb][\/vc_column][\/vc_row][vc_row type=\u00a0\u00bbin_container\u00a0\u00bb full_screen_row_position=\u00a0\u00bbmiddle\u00a0\u00bb column_margin=\u00a0\u00bbdefault\u00a0\u00bb column_direction=\u00a0\u00bbdefault\u00a0\u00bb column_direction_tablet=\u00a0\u00bbdefault\u00a0\u00bb column_direction_phone=\u00a0\u00bbdefault\u00a0\u00bb scene_position=\u00a0\u00bbcenter\u00a0\u00bb text_color=\u00a0\u00bbdark\u00a0\u00bb text_align=\u00a0\u00bbleft\u00a0\u00bb row_border_radius=\u00a0\u00bbnone\u00a0\u00bb row_border_radius_applies=\u00a0\u00bbbg\u00a0\u00bb overflow=\u00a0\u00bbvisible\u00a0\u00bb overlay_strength=\u00a0\u00bb0.3&Prime; gradient_direction=\u00a0\u00bbleft_to_right\u00a0\u00bb shape_divider_position=\u00a0\u00bbbottom\u00a0\u00bb bg_image_animation=\u00a0\u00bbnone\u00a0\u00bb][vc_column column_padding=\u00a0\u00bbno-extra-padding\u00a0\u00bb column_padding_tablet=\u00a0\u00bbinherit\u00a0\u00bb column_padding_phone=\u00a0\u00bbinherit\u00a0\u00bb column_padding_position=\u00a0\u00bball\u00a0\u00bb column_element_direction_desktop=\u00a0\u00bbdefault\u00a0\u00bb column_element_spacing=\u00a0\u00bbdefault\u00a0\u00bb desktop_text_alignment=\u00a0\u00bbdefault\u00a0\u00bb tablet_text_alignment=\u00a0\u00bbdefault\u00a0\u00bb phone_text_alignment=\u00a0\u00bbdefault\u00a0\u00bb background_color_opacity=\u00a0\u00bb1&Prime; background_hover_color_opacity=\u00a0\u00bb1&Prime; column_backdrop_filter=\u00a0\u00bbnone\u00a0\u00bb column_shadow=\u00a0\u00bbnone\u00a0\u00bb column_border_radius=\u00a0\u00bbnone\u00a0\u00bb column_link_target=\u00a0\u00bb_self\u00a0\u00bb column_position=\u00a0\u00bbdefault\u00a0\u00bb gradient_direction=\u00a0\u00bbleft_to_right\u00a0\u00bb overlay_strength=\u00a0\u00bb0.3&Prime; width=\u00a0\u00bb1\/1&Prime; tablet_width_inherit=\u00a0\u00bbdefault\u00a0\u00bb animation_type=\u00a0\u00bbdefault\u00a0\u00bb bg_image_animation=\u00a0\u00bbnone\u00a0\u00bb border_type=\u00a0\u00bbsimple\u00a0\u00bb column_border_width=\u00a0\u00bbnone\u00a0\u00bb column_border_style=\u00a0\u00bbsolid\u00a0\u00bb][divider line_type=\u00a0\u00bbNo Line\u00a0\u00bb custom_height=\u00a0\u00bb50&Prime;][vc_custom_heading text=\u00a0\u00bbD\u00e9couvrez EMQ\u00ae lors des salons et \u00e9v\u00e9nements suivants en 2026&Prime; font_container=\u00a0\u00bbtag:h2|text_align:left|color:%2318a09c\u00a0\u00bb use_theme_fonts=\u00a0\u00bbyes\u00a0\u00bb][divider line_type=\u00a0\u00bbNo Line\u00a0\u00bb custom_height=\u00a0\u00bb30&Prime;][vc_column_text text_direction=\u00a0\u00bbdefault\u00a0\u00bb]\n<p data-start=\"164\" data-end=\"559\">En 2026, nous serons pr\u00e9sents sur les principaux salons du v\u00e9lo, du camping-car et de la caravane pour vous pr\u00e9senter le <strong data-start=\"287\" data-end=\"355\">v\u00e9lo pliable EMQ\u00ae &#8211; le v\u00e9lo \u00e9lectrique pliable le plus l\u00e9ger des Pays-Bas !<\/strong> D\u00e9couvrez par vous-m\u00eame le confort de conduite, la l\u00e9g\u00e8ret\u00e9 exceptionnelle, la rapidit\u00e9 de pliage et de d\u00e9pliage et le format ultra-pratique de ce v\u00e9lo \u00e9lectrique unique. Que vous soyez citadin, navetteur, senior, campeur ou amateur de sports nautiques, le <strong data-start=\"507\" data-end=\"524\">v\u00e9lo pliable EMQ\u00ae<\/strong> vous offre un confort in\u00e9gal\u00e9 et une libert\u00e9 absolue.<\/p>\n<p data-start=\"561\" data-end=\"807\">\ud83d\udd0b <strong data-start=\"564\" data-end=\"591\">Ultra-l\u00e9ger et \u00e9lectrique<\/strong> &#8211; Id\u00e9al pour le camping, dans un camping-car ou \u00e0 bord de votre bateau.<br data-start=\"660\" data-end=\"663\" \/>\ud83d\udeb2 <strong data-start=\"666\" data-end=\"695\">Compact et pliable en clin d&rsquo;oeil<\/strong>\u00a0&#8211; Emportez-le partout avec vous.<br data-start=\"725\" data-end=\"728\" \/>\u26a1 <strong data-start=\"730\" data-end=\"757\">Assistance au p\u00e9dalage puissante<\/strong> &#8211; Pour une conduite sans effort, o\u00f9 que vous alliez.<\/p>\n<p data-start=\"809\" data-end=\"1078\">\ud83d\udd25 <strong data-start=\"812\" data-end=\"856\">Venez tester le v\u00e9lo pliable EMQ\u00ae !<\/strong><br data-start=\"856\" data-end=\"859\" \/>Visitez notre stand et d\u00e9couvrez le v\u00e9lo \u00e9lectrique pliable le plus l\u00e9ger des Pays-Bas. Nos experts seront pr\u00e9sents pour r\u00e9pondre \u00e0 toutes vos questions et vous montrer pourquoi le <strong data-start=\"1032\" data-end=\"1049\">v\u00e9lo pliable EMQ\u00ae<\/strong> est un must-have pour 2026.<\/p>\n<p data-start=\"1080\" data-end=\"1339\">\ud83e\udd1d Vous <strong data-start=\"1083\" data-end=\"1101\">\u00eates revendeur ?<\/strong><br data-start=\"1101\" data-end=\"1104\" \/>Vous souhaitez promouvoir le <strong data-start=\"1114\" data-end=\"1131\">v\u00e9lo pliable EMQ\u00ae<\/strong> lors de votre propre \u00e9v\u00e9nement ou b\u00e9n\u00e9ficier de notre soutien sur un salon professionnel ? Contactez-nous<strong data-start=\"170\" data-end=\"190\"> !<\/strong> Nous nous ferons un plaisir de vous conseiller, de vous fournir du mat\u00e9riel promotionnel et de contribuer \u00e0 faire de votre \u00e9v\u00e9nement un succ\u00e8s commun.<\/p>\n<p data-start=\"1341\" data-end=\"1457\">\ud83d\udccd <strong data-start=\"1344\" data-end=\"1365\">O\u00f9 nous trouver<\/strong><br data-start=\"1365\" data-end=\"1368\" \/>Consultez la liste des salons et \u00e9v\u00e9nements auxquels nous participerons en 2026 et planifiez d\u00e8s maintenant votre visite !<\/p>\n<table width=\"663\">\n<tbody>\n<tr>\n<td width=\"126\"><strong>Pays<\/strong><\/td>\n<td width=\"216\"><strong>Juste<\/strong><\/td>\n<td width=\"97\"><strong>Lieu<\/strong><\/td>\n<td width=\"97\"><strong>A partir de<\/strong><\/td>\n<td width=\"127\"><strong>Fin<\/strong><\/td>\n<\/tr>\n<tr>\n<td>Pays-Bas<\/td>\n<td>Caravana<\/td>\n<td>Leeuwarden<\/td>\n<td>28-1-2026<\/td>\n<td>1-2-2026<\/td>\n<\/tr>\n<tr>\n<td>Allemagne<\/td>\n<td>Fahrrad Essen<\/td>\n<td>Essen<\/td>\n<td>26-2-2026<\/td>\n<td>1-3-2026<\/td>\n<\/tr>\n<tr>\n<td>Belgique<\/td>\n<td>Fietsexpo en Motorhomesalon<\/td>\n<td>Antwerpen<\/td>\n<td>28-2-2026<\/td>\n<td>1-3-2026<\/td>\n<\/tr>\n<tr>\n<td>Pays-Bas<\/td>\n<td>CamperExpo<\/td>\n<td>Houten<\/td>\n<td>13-3-2026<\/td>\n<td>15-3-2026<\/td>\n<\/tr>\n<tr>\n<td>Allemagne<\/td>\n<td>Cycling World<\/td>\n<td>Dusseldorf<\/td>\n<td>20-3-2026<\/td>\n<td>22-3-2026<\/td>\n<\/tr>\n<tr>\n<td>Pays-Bas<\/td>\n<td>Kampeer &amp; Caravan Jaarbeurs<\/td>\n<td>Utrecht<\/td>\n<td>30-9-2026<\/td>\n<td>4-10-2026<\/td>\n<\/tr>\n<tr>\n<td>Belgique<\/td>\n<td>Motorhome Salon<\/td>\n<td>Gent<\/td>\n<td>17-10-2026<\/td>\n<td>18-10-2026<\/td>\n<\/tr>\n<\/tbody>\n<\/table>\n<p data-start=\"1459\" data-end=\"1542\">\ud83d\udce9 <strong data-start=\"1462\" data-end=\"1540\">Vous souhaitez en savoir plus ? Contactez-nous pour fixer un rendez-vous ou obtenir des informations compl\u00e9mentaires.<\/strong><\/p>\n<p data-start=\"1544\" data-end=\"1590\">Nous avons h\u00e2te de vous rencontrer ! \ud83d\udeb2\u26a1<\/p>\n[\/vc_column_text][\/vc_column][\/vc_row]\n<script language='javascript' type='text\/javascript'>function getWR360PopupSkin(){return 'light_clean';}<\/script>","protected":false},"excerpt":{"rendered":"<p>[vc_row type=\u00a0\u00bbfull_width_background\u00a0\u00bb full_screen_row_position=\u00a0\u00bbmiddle\u00a0\u00bb column_margin=\u00a0\u00bbdefault\u00a0\u00bb equal_height=\u00a0\u00bbyes\u00a0\u00bb column_direction=\u00a0\u00bbdefault\u00a0\u00bb column_direction_tablet=\u00a0\u00bbdefault\u00a0\u00bb column_direction_phone=\u00a0\u00bbdefault\u00a0\u00bb bg_image=\u00a0\u00bb15280&Prime; bg_position=\u00a0\u00bbcenter center\u00a0\u00bb background_image_loading=\u00a0\u00bbdefault\u00a0\u00bb bg_repeat=\u00a0\u00bbno-repeat\u00a0\u00bb full_height=\u00a0\u00bbyes\u00a0\u00bb scene_position=\u00a0\u00bbcenter\u00a0\u00bb text_color=\u00a0\u00bblight\u00a0\u00bb text_align=\u00a0\u00bbleft\u00a0\u00bb row_border_radius=\u00a0\u00bbnone\u00a0\u00bb row_border_radius_applies=\u00a0\u00bbbg\u00a0\u00bb overflow=\u00a0\u00bbvisible\u00a0\u00bb enable_gradient=\u00a0\u00bbtrue\u00a0\u00bb color_overlay=\u00a0\u00bb#141414&Prime; overlay_strength=\u00a0\u00bb0.8&Prime; gradient_direction=\u00a0\u00bbleft_to_right\u00a0\u00bb shape_divider_position=\u00a0\u00bbbottom\u00a0\u00bb bg_image_animation=\u00a0\u00bbnone\u00a0\u00bb gradient_type=\u00a0\u00bbdefault\u00a0\u00bb shape_type=\u00a0\u00bb\u00a0\u00bb][vc_column column_padding=\u00a0\u00bbno-extra-padding\u00a0\u00bb column_padding_tablet=\u00a0\u00bbinherit\u00a0\u00bb&#8230;<\/p>\n","protected":false},"author":3,"featured_media":0,"parent":0,"menu_order":0,"comment_status":"closed","ping_status":"closed","template":"","meta":{"footnotes":""},"class_list":["post-17074","page","type-page","status-publish"],"yoast_head":"<!-- This site is optimized with the Yoast SEO plugin v27.4 - https:\/\/yoast.com\/product\/yoast-seo-wordpress\/ -->\n<title>Ev\u00e9nements - EMQ<\/title>\n<meta name=\"robots\" content=\"index, follow, max-snippet:-1, max-image-preview:large, max-video-preview:-1\" \/>\n<link rel=\"canonical\" href=\"https:\/\/www.emqbikes.com\/fr-be\/evenements\/\" \/>\n<meta property=\"og:locale\" content=\"fr_FR\" \/>\n<meta property=\"og:type\" content=\"article\" \/>\n<meta property=\"og:title\" content=\"Ev\u00e9nements - EMQ\" \/>\n<meta property=\"og:description\" content=\"[vc_row type=\u00a0\u00bbfull_width_background\u00a0\u00bb full_screen_row_position=\u00a0\u00bbmiddle\u00a0\u00bb column_margin=\u00a0\u00bbdefault\u00a0\u00bb equal_height=\u00a0\u00bbyes\u00a0\u00bb column_direction=\u00a0\u00bbdefault\u00a0\u00bb column_direction_tablet=\u00a0\u00bbdefault\u00a0\u00bb column_direction_phone=\u00a0\u00bbdefault\u00a0\u00bb bg_image=\u00a0\u00bb15280&Prime; bg_position=\u00a0\u00bbcenter center\u00a0\u00bb background_image_loading=\u00a0\u00bbdefault\u00a0\u00bb bg_repeat=\u00a0\u00bbno-repeat\u00a0\u00bb full_height=\u00a0\u00bbyes\u00a0\u00bb scene_position=\u00a0\u00bbcenter\u00a0\u00bb text_color=\u00a0\u00bblight\u00a0\u00bb text_align=\u00a0\u00bbleft\u00a0\u00bb row_border_radius=\u00a0\u00bbnone\u00a0\u00bb row_border_radius_applies=\u00a0\u00bbbg\u00a0\u00bb overflow=\u00a0\u00bbvisible\u00a0\u00bb enable_gradient=\u00a0\u00bbtrue\u00a0\u00bb color_overlay=\u00a0\u00bb#141414&Prime; overlay_strength=\u00a0\u00bb0.8&Prime; gradient_direction=\u00a0\u00bbleft_to_right\u00a0\u00bb shape_divider_position=\u00a0\u00bbbottom\u00a0\u00bb bg_image_animation=\u00a0\u00bbnone\u00a0\u00bb gradient_type=\u00a0\u00bbdefault\u00a0\u00bb shape_type=\u00a0\u00bb\u00a0\u00bb][vc_column column_padding=\u00a0\u00bbno-extra-padding\u00a0\u00bb column_padding_tablet=\u00a0\u00bbinherit\u00a0\u00bb...\" \/>\n<meta property=\"og:url\" content=\"https:\/\/www.emqbikes.com\/fr-be\/evenements\/\" \/>\n<meta property=\"og:site_name\" content=\"EMQ\" \/>\n<meta property=\"article:modified_time\" content=\"2026-01-06T13:53:07+00:00\" \/>\n<meta property=\"og:image\" content=\"https:\/\/www.emqbikes.com\/wp-content\/uploads\/2025\/05\/slide-2@2x.webp\" \/>\n\t<meta property=\"og:image:width\" content=\"1800\" \/>\n\t<meta property=\"og:image:height\" content=\"1000\" \/>\n\t<meta property=\"og:image:type\" content=\"image\/webp\" \/>\n<meta name=\"twitter:card\" content=\"summary_large_image\" \/>\n<meta name=\"twitter:label1\" content=\"Dur\u00e9e de lecture est.\" \/>\n\t<meta name=\"twitter:data1\" content=\"3 minutes\" \/>\n<script type=\"application\/ld+json\" class=\"yoast-schema-graph\">{\"@context\":\"https:\\\/\\\/schema.org\",\"@graph\":[{\"@type\":\"WebPage\",\"@id\":\"https:\\\/\\\/www.emqbikes.com\\\/fr-be\\\/evenements\\\/\",\"url\":\"https:\\\/\\\/www.emqbikes.com\\\/fr-be\\\/evenements\\\/\",\"name\":\"Ev\u00e9nements - EMQ\",\"isPartOf\":{\"@id\":\"https:\\\/\\\/www.emq.nl\\\/#website\"},\"datePublished\":\"2025-02-12T13:42:28+00:00\",\"dateModified\":\"2026-01-06T13:53:07+00:00\",\"breadcrumb\":{\"@id\":\"https:\\\/\\\/www.emqbikes.com\\\/fr-be\\\/evenements\\\/#breadcrumb\"},\"inLanguage\":\"fr-BE\",\"potentialAction\":[{\"@type\":\"ReadAction\",\"target\":[\"https:\\\/\\\/www.emqbikes.com\\\/fr-be\\\/evenements\\\/\"]}]},{\"@type\":\"BreadcrumbList\",\"@id\":\"https:\\\/\\\/www.emqbikes.com\\\/fr-be\\\/evenements\\\/#breadcrumb\",\"itemListElement\":[{\"@type\":\"ListItem\",\"position\":1,\"name\":\"Home\",\"item\":\"https:\\\/\\\/www.emqbikes.com\\\/fr-be\\\/\"},{\"@type\":\"ListItem\",\"position\":2,\"name\":\"Ev\u00e9nements\"}]},{\"@type\":\"WebSite\",\"@id\":\"https:\\\/\\\/www.emq.nl\\\/#website\",\"url\":\"https:\\\/\\\/www.emq.nl\\\/\",\"name\":\"EMQ\u00ae\",\"description\":\"\",\"publisher\":{\"@id\":\"https:\\\/\\\/www.emq.nl\\\/#organization\"},\"alternateName\":\"EMQ Bikes\",\"potentialAction\":[{\"@type\":\"SearchAction\",\"target\":{\"@type\":\"EntryPoint\",\"urlTemplate\":\"https:\\\/\\\/www.emq.nl\\\/?s={search_term_string}\"},\"query-input\":{\"@type\":\"PropertyValueSpecification\",\"valueRequired\":true,\"valueName\":\"search_term_string\"}}],\"inLanguage\":\"fr-BE\"},{\"@type\":\"Organization\",\"@id\":\"https:\\\/\\\/www.emq.nl\\\/#organization\",\"name\":\"EMQ\",\"url\":\"https:\\\/\\\/www.emq.nl\\\/\",\"logo\":{\"@type\":\"ImageObject\",\"inLanguage\":\"fr-BE\",\"@id\":\"https:\\\/\\\/www.emq.nl\\\/#\\\/schema\\\/logo\\\/image\\\/\",\"url\":\"https:\\\/\\\/www.emqbikes.com\\\/wp-content\\\/uploads\\\/2026\\\/01\\\/favicon_small.png\",\"contentUrl\":\"https:\\\/\\\/www.emqbikes.com\\\/wp-content\\\/uploads\\\/2026\\\/01\\\/favicon_small.png\",\"width\":48,\"height\":48,\"caption\":\"EMQ\"},\"image\":{\"@id\":\"https:\\\/\\\/www.emq.nl\\\/#\\\/schema\\\/logo\\\/image\\\/\"}}]}<\/script>\n<!-- \/ Yoast SEO plugin. -->","yoast_head_json":{"title":"Ev\u00e9nements - EMQ","robots":{"index":"index","follow":"follow","max-snippet":"max-snippet:-1","max-image-preview":"max-image-preview:large","max-video-preview":"max-video-preview:-1"},"canonical":"https:\/\/www.emqbikes.com\/fr-be\/evenements\/","og_locale":"fr_FR","og_type":"article","og_title":"Ev\u00e9nements - EMQ","og_description":"[vc_row type=\u00a0\u00bbfull_width_background\u00a0\u00bb full_screen_row_position=\u00a0\u00bbmiddle\u00a0\u00bb column_margin=\u00a0\u00bbdefault\u00a0\u00bb equal_height=\u00a0\u00bbyes\u00a0\u00bb column_direction=\u00a0\u00bbdefault\u00a0\u00bb column_direction_tablet=\u00a0\u00bbdefault\u00a0\u00bb column_direction_phone=\u00a0\u00bbdefault\u00a0\u00bb bg_image=\u00a0\u00bb15280&Prime; bg_position=\u00a0\u00bbcenter center\u00a0\u00bb background_image_loading=\u00a0\u00bbdefault\u00a0\u00bb bg_repeat=\u00a0\u00bbno-repeat\u00a0\u00bb full_height=\u00a0\u00bbyes\u00a0\u00bb scene_position=\u00a0\u00bbcenter\u00a0\u00bb text_color=\u00a0\u00bblight\u00a0\u00bb text_align=\u00a0\u00bbleft\u00a0\u00bb row_border_radius=\u00a0\u00bbnone\u00a0\u00bb row_border_radius_applies=\u00a0\u00bbbg\u00a0\u00bb overflow=\u00a0\u00bbvisible\u00a0\u00bb enable_gradient=\u00a0\u00bbtrue\u00a0\u00bb color_overlay=\u00a0\u00bb#141414&Prime; overlay_strength=\u00a0\u00bb0.8&Prime; gradient_direction=\u00a0\u00bbleft_to_right\u00a0\u00bb shape_divider_position=\u00a0\u00bbbottom\u00a0\u00bb bg_image_animation=\u00a0\u00bbnone\u00a0\u00bb gradient_type=\u00a0\u00bbdefault\u00a0\u00bb shape_type=\u00a0\u00bb\u00a0\u00bb][vc_column column_padding=\u00a0\u00bbno-extra-padding\u00a0\u00bb column_padding_tablet=\u00a0\u00bbinherit\u00a0\u00bb...","og_url":"https:\/\/www.emqbikes.com\/fr-be\/evenements\/","og_site_name":"EMQ","article_modified_time":"2026-01-06T13:53:07+00:00","og_image":[{"width":1800,"height":1000,"url":"https:\/\/www.emqbikes.com\/wp-content\/uploads\/2025\/05\/slide-2@2x.webp","type":"image\/webp"}],"twitter_card":"summary_large_image","twitter_misc":{"Dur\u00e9e de lecture est.":"3 minutes"},"schema":{"@context":"https:\/\/schema.org","@graph":[{"@type":"WebPage","@id":"https:\/\/www.emqbikes.com\/fr-be\/evenements\/","url":"https:\/\/www.emqbikes.com\/fr-be\/evenements\/","name":"Ev\u00e9nements - EMQ","isPartOf":{"@id":"https:\/\/www.emq.nl\/#website"},"datePublished":"2025-02-12T13:42:28+00:00","dateModified":"2026-01-06T13:53:07+00:00","breadcrumb":{"@id":"https:\/\/www.emqbikes.com\/fr-be\/evenements\/#breadcrumb"},"inLanguage":"fr-BE","potentialAction":[{"@type":"ReadAction","target":["https:\/\/www.emqbikes.com\/fr-be\/evenements\/"]}]},{"@type":"BreadcrumbList","@id":"https:\/\/www.emqbikes.com\/fr-be\/evenements\/#breadcrumb","itemListElement":[{"@type":"ListItem","position":1,"name":"Home","item":"https:\/\/www.emqbikes.com\/fr-be\/"},{"@type":"ListItem","position":2,"name":"Ev\u00e9nements"}]},{"@type":"WebSite","@id":"https:\/\/www.emq.nl\/#website","url":"https:\/\/www.emq.nl\/","name":"EMQ\u00ae","description":"","publisher":{"@id":"https:\/\/www.emq.nl\/#organization"},"alternateName":"EMQ Bikes","potentialAction":[{"@type":"SearchAction","target":{"@type":"EntryPoint","urlTemplate":"https:\/\/www.emq.nl\/?s={search_term_string}"},"query-input":{"@type":"PropertyValueSpecification","valueRequired":true,"valueName":"search_term_string"}}],"inLanguage":"fr-BE"},{"@type":"Organization","@id":"https:\/\/www.emq.nl\/#organization","name":"EMQ","url":"https:\/\/www.emq.nl\/","logo":{"@type":"ImageObject","inLanguage":"fr-BE","@id":"https:\/\/www.emq.nl\/#\/schema\/logo\/image\/","url":"https:\/\/www.emqbikes.com\/wp-content\/uploads\/2026\/01\/favicon_small.png","contentUrl":"https:\/\/www.emqbikes.com\/wp-content\/uploads\/2026\/01\/favicon_small.png","width":48,"height":48,"caption":"EMQ"},"image":{"@id":"https:\/\/www.emq.nl\/#\/schema\/logo\/image\/"}}]}},"_links":{"self":[{"href":"https:\/\/www.emqbikes.com\/fr-be\/wp-json\/wp\/v2\/pages\/17074","targetHints":{"allow":["GET"]}}],"collection":[{"href":"https:\/\/www.emqbikes.com\/fr-be\/wp-json\/wp\/v2\/pages"}],"about":[{"href":"https:\/\/www.emqbikes.com\/fr-be\/wp-json\/wp\/v2\/types\/page"}],"author":[{"embeddable":true,"href":"https:\/\/www.emqbikes.com\/fr-be\/wp-json\/wp\/v2\/users\/3"}],"replies":[{"embeddable":true,"href":"https:\/\/www.emqbikes.com\/fr-be\/wp-json\/wp\/v2\/comments?post=17074"}],"version-history":[{"count":4,"href":"https:\/\/www.emqbikes.com\/fr-be\/wp-json\/wp\/v2\/pages\/17074\/revisions"}],"predecessor-version":[{"id":19324,"href":"https:\/\/www.emqbikes.com\/fr-be\/wp-json\/wp\/v2\/pages\/17074\/revisions\/19324"}],"wp:attachment":[{"href":"https:\/\/www.emqbikes.com\/fr-be\/wp-json\/wp\/v2\/media?parent=17074"}],"curies":[{"name":"wp","href":"https:\/\/api.w.org\/{rel}","templated":true}]}}